{"id":24,"date":"2017-12-07T18:55:13","date_gmt":"2017-12-07T18:55:13","guid":{"rendered":"http:\/\/www.agaidamian.com\/?page_id=24"},"modified":"2017-12-07T19:23:18","modified_gmt":"2017-12-07T19:23:18","slug":"galeria","status":"publish","type":"page","link":"https:\/\/www.agaidamian.com\/?page_id=24","title":{"rendered":"Galeria"},"content":{"rendered":"<p>Tu znajdowa\u0107 si\u0119 beda nasz zdj\u0119cia.<\/p>\n<p>Troszk\u0119 to potrwa poniewa\u017c musimy wpierw wypi\u0107 wina z wesela&#8230; \ud83d\ude00<\/p>\n","protected":false},"excerpt":{"rendered":"<p>Tu znajdowa\u0107 si\u0119 beda nasz zdj\u0119cia. Troszk\u0119 to potrwa poniewa\u017c musimy wpierw wypi\u0107 wina z wesela&#8230; \ud83d\ude00<\/p>\n","protected":false},"author":1,"featured_media":0,"parent":0,"menu_order":0,"comment_status":"closed","ping_status":"closed","template":"","meta":{"ngg_post_thumbnail":0,"footnotes":""},"class_list":["post-24","page","type-page","status-publish","hentry"],"_links":{"self":[{"href":"https:\/\/www.agaidamian.com\/index.php?rest_route=\/wp\/v2\/pages\/24","targetHints":{"allow":["GET"]}}],"collection":[{"href":"https:\/\/www.agaidamian.com\/index.php?rest_route=\/wp\/v2\/pages"}],"about":[{"href":"https:\/\/www.agaidamian.com\/index.php?rest_route=\/wp\/v2\/types\/page"}],"author":[{"embeddable":true,"href":"https:\/\/www.agaidamian.com\/index.php?rest_route=\/wp\/v2\/users\/1"}],"replies":[{"embeddable":true,"href":"https:\/\/www.agaidamian.com\/index.php?rest_route=%2Fwp%2Fv2%2Fcomments&post=24"}],"version-history":[{"count":3,"href":"https:\/\/www.agaidamian.com\/index.php?rest_route=\/wp\/v2\/pages\/24\/revisions"}],"predecessor-version":[{"id":34,"href":"https:\/\/www.agaidamian.com\/index.php?rest_route=\/wp\/v2\/pages\/24\/revisions\/34"}],"wp:attachment":[{"href":"https:\/\/www.agaidamian.com\/index.php?rest_route=%2Fwp%2Fv2%2Fmedia&parent=24"}],"curies":[{"name":"wp","href":"https:\/\/api.w.org\/{rel}","templated":true}]}}