{"id":2,"date":"2017-12-02T18:37:39","date_gmt":"2017-12-02T18:37:39","guid":{"rendered":"http:\/\/www.agaidamian.com\/?page_id=2"},"modified":"2017-12-07T19:19:51","modified_gmt":"2017-12-07T19:19:51","slug":"about","status":"publish","type":"page","link":"https:\/\/www.agaidamian.com\/?page_id=2","title":{"rendered":"O Nas"},"content":{"rendered":"<p>Na tym blogu znajduje si\u0119 cz\u0119\u015bciowy zbi\u00f3r naszych uchwyconych chwil w postaci zdj\u0119\u0107 i innych ciekawostek kt\u00f3rymi chcieli\u015bmy si\u0119 z wami podzieli\u0107.<\/p>\n<p>Znajduj\u0105 si\u0119 tu r\u00f3wnie\u017c ciekawe przepisy kt\u00f3re wart wyprobowa\u0107&#8230;<\/p>\n<p>&nbsp;<\/p>\n<p>&nbsp;<\/p>\n","protected":false},"excerpt":{"rendered":"<p>Na tym blogu znajduje si\u0119 cz\u0119\u015bciowy zbi\u00f3r naszych uchwyconych chwil w postaci zdj\u0119\u0107 i innych ciekawostek kt\u00f3rymi chcieli\u015bmy si\u0119 z wami podzieli\u0107. Znajduj\u0105 si\u0119 tu r\u00f3wnie\u017c ciekawe przepisy kt\u00f3re wart wyprobowa\u0107&#8230; &nbsp; &nbsp;<\/p>\n","protected":false},"author":1,"featured_media":0,"parent":0,"menu_order":0,"comment_status":"open","ping_status":"closed","template":"","meta":{"ngg_post_thumbnail":0,"footnotes":""},"class_list":["post-2","page","type-page","status-publish","hentry"],"_links":{"self":[{"href":"https:\/\/www.agaidamian.com\/index.php?rest_route=\/wp\/v2\/pages\/2","targetHints":{"allow":["GET"]}}],"collection":[{"href":"https:\/\/www.agaidamian.com\/index.php?rest_route=\/wp\/v2\/pages"}],"about":[{"href":"https:\/\/www.agaidamian.com\/index.php?rest_route=\/wp\/v2\/types\/page"}],"author":[{"embeddable":true,"href":"https:\/\/www.agaidamian.com\/index.php?rest_route=\/wp\/v2\/users\/1"}],"replies":[{"embeddable":true,"href":"https:\/\/www.agaidamian.com\/index.php?rest_route=%2Fwp%2Fv2%2Fcomments&post=2"}],"version-history":[{"count":3,"href":"https:\/\/www.agaidamian.com\/index.php?rest_route=\/wp\/v2\/pages\/2\/revisions"}],"predecessor-version":[{"id":32,"href":"https:\/\/www.agaidamian.com\/index.php?rest_route=\/wp\/v2\/pages\/2\/revisions\/32"}],"wp:attachment":[{"href":"https:\/\/www.agaidamian.com\/index.php?rest_route=%2Fwp%2Fv2%2Fmedia&parent=2"}],"curies":[{"name":"wp","href":"https:\/\/api.w.org\/{rel}","templated":true}]}}